{"id":9,"date":"2025-05-27T11:00:35","date_gmt":"2025-05-27T11:00:35","guid":{"rendered":"https:\/\/urbietataberna.rkinformatika.online\/?page_id=9"},"modified":"2025-05-29T14:13:25","modified_gmt":"2025-05-29T14:13:25","slug":"inicio","status":"publish","type":"page","link":"https:\/\/urbietataberna.com\/eu\/","title":{"rendered":"Hasiera"},"content":{"rendered":"<div data-elementor-type=\"wp-page\" data-elementor-id=\"9\" class=\"elementor elementor-9\" data-elementor-post-type=\"page\">\n\t\t\t\t<div class=\"elementor-element elementor-element-4dadb74 e-flex e-con-boxed e-con e-parent\" data-id=\"4dadb74\" data-element_type=\"container\" data-e-type=\"container\" data-settings=\"{&quot;background_background&quot;:&quot;classic&quot;}\">\n\t\t\t\t\t<div class=\"e-con-inner\">\n\t\t\t\t<div class=\"elementor-element elementor-element-a43b714 elementor-invisible elementor-widget elementor-widget-heading\" data-id=\"a43b714\" data-element_type=\"widget\" data-e-type=\"widget\" data-settings=\"{&quot;_animation&quot;:&quot;fadeInLeft&quot;}\" data-widget_type=\"heading.default\">\n\t\t\t\t<div class=\"elementor-widget-container\">\n\t\t\t\t\t<h2 class=\"elementor-heading-title elementor-size-default\">Urbieta Taberna<\/h2>\t\t\t\t<\/div>\n\t\t\t\t<\/div>\n\t\t\t\t\t<\/div>\n\t\t\t\t<\/div>\n\t\t<div class=\"elementor-element elementor-element-050c830 e-flex e-con-boxed e-con e-parent\" data-id=\"050c830\" data-element_type=\"container\" data-e-type=\"container\">\n\t\t\t\t\t<div class=\"e-con-inner\">\n\t\t<div class=\"elementor-element elementor-element-f2aade9 e-con-full e-flex elementor-invisible e-con e-child\" data-id=\"f2aade9\" data-element_type=\"container\" data-e-type=\"container\" data-settings=\"{&quot;animation&quot;:&quot;zoomIn&quot;}\">\n\t\t\t\t<div class=\"elementor-element elementor-element-f20f67c elementor-widget elementor-widget-heading\" data-id=\"f20f67c\" data-element_type=\"widget\" data-e-type=\"widget\" data-widget_type=\"heading.default\">\n\t\t\t\t<div class=\"elementor-widget-container\">\n\t\t\t\t\t<h2 class=\"elementor-heading-title elementor-size-default\">Guri buruz...<\/h2>\t\t\t\t<\/div>\n\t\t\t\t<\/div>\n\t\t\t\t<div class=\"elementor-element elementor-element-a24be51 elementor-widget elementor-widget-text-editor\" data-id=\"a24be51\" data-element_type=\"widget\" data-e-type=\"widget\" data-widget_type=\"text-editor.default\">\n\t\t\t\t<div class=\"elementor-widget-container\">\n\t\t\t\t\t\t\t\t\t<p data-start=\"286\" data-end=\"505\">Ingurune paregabean kokatuta, Gernikako Urbieta futbol zelaiaren ondoan, Urbieta Taberna taberna bat baino askoz gehiago da: ondo jateaz, edateaz eta giro onaz gozatzen dutenen topagunea da.<\/p><p data-start=\"507\" data-end=\"816\">Askotariko pintxo-barra batean espezializatzen gara, beti egin berria, partekatzeko anoa, ogitartekoak eta hanburgesak nahierara, eta gure benetako izarrak: barbakoak eta paella bereziak, osagai freskoekin eginak eta etxeko ukitua, desberdintasuna markatzen duena.<\/p><p data-start=\"818\" data-end=\"970\">Plan berezi bat baduzu, enkarguzko bazkariak, taldeentzako aproposak, ospakizunak edo, besterik gabe, omenaldi gastronomiko bat prestatzen ditugu.<\/p><p data-start=\"972\" data-end=\"1197\">Gainera, Urbieta Tabernan trago onak, ondo botatako garagardoak, hautatutako ardoak eta giro abegitsu eta familiarra gozatu ahal izango dituzu, partidaren aurretik edo ondoren erlaxatzeko ezin hobea... edo, besterik gabe, bai.<\/p>\t\t\t\t\t\t\t\t<\/div>\n\t\t\t\t<\/div>\n\t\t\t\t<\/div>\n\t\t<div class=\"elementor-element elementor-element-f8fcb21 e-con-full e-flex elementor-invisible e-con e-child\" data-id=\"f8fcb21\" data-element_type=\"container\" data-e-type=\"container\" data-settings=\"{&quot;animation&quot;:&quot;zoomIn&quot;}\">\n\t\t\t\t<div class=\"elementor-element elementor-element-04e644c elementor-widget elementor-widget-image\" data-id=\"04e644c\" data-element_type=\"widget\" data-e-type=\"widget\" data-widget_type=\"image.default\">\n\t\t\t\t<div class=\"elementor-widget-container\">\n\t\t\t\t\t\t\t\t\t\t\t\t\t\t\t<img fetchpriority=\"high\" decoding=\"async\" width=\"800\" height=\"800\" src=\"https:\/\/urbietataberna.com\/wp-content\/uploads\/2025\/05\/Diseno-sin-titulo.png\" class=\"attachment-large size-large wp-image-58\" alt=\"\" srcset=\"https:\/\/urbietataberna.com\/wp-content\/uploads\/2025\/05\/Diseno-sin-titulo.png 1000w, https:\/\/urbietataberna.com\/wp-content\/uploads\/2025\/05\/Diseno-sin-titulo-300x300.png 300w, https:\/\/urbietataberna.com\/wp-content\/uploads\/2025\/05\/Diseno-sin-titulo-150x150.png 150w, https:\/\/urbietataberna.com\/wp-content\/uploads\/2025\/05\/Diseno-sin-titulo-768x768.png 768w, https:\/\/urbietataberna.com\/wp-content\/uploads\/2025\/05\/Diseno-sin-titulo-12x12.png 12w\" sizes=\"(max-width: 800px) 100vw, 800px\" \/>\t\t\t\t\t\t\t\t\t\t\t\t\t\t\t<\/div>\n\t\t\t\t<\/div>\n\t\t\t\t<\/div>\n\t\t\t\t\t<\/div>\n\t\t\t\t<\/div>\n\t\t<div class=\"elementor-element elementor-element-307f2db e-flex e-con-boxed e-con e-parent\" data-id=\"307f2db\" data-element_type=\"container\" data-e-type=\"container\">\n\t\t\t\t\t<div class=\"e-con-inner\">\n\t\t\t\t<div class=\"elementor-element elementor-element-80f3feb elementor-cta--skin-cover elementor-animated-content elementor-bg-transform elementor-bg-transform-zoom-in elementor-widget elementor-widget-call-to-action\" data-id=\"80f3feb\" data-element_type=\"widget\" data-e-type=\"widget\" data-widget_type=\"call-to-action.default\">\n\t\t\t\t<div class=\"elementor-widget-container\">\n\t\t\t\t\t\t\t<div class=\"elementor-cta\">\n\t\t\t\t\t<div class=\"elementor-cta__bg-wrapper\">\n\t\t\t\t<div class=\"elementor-cta__bg elementor-bg\" style=\"background-image: url(https:\/\/urbietataberna.com\/wp-content\/uploads\/2025\/05\/180741-1024x512.jpg);\" role=\"img\" aria-label=\"180741\"><\/div>\n\t\t\t\t<div class=\"elementor-cta__bg-overlay\"><\/div>\n\t\t\t<\/div>\n\t\t\t\t\t\t\t<div class=\"elementor-cta__content\">\n\t\t\t\t\n\t\t\t\t\t\t\t\t\t<h2 class=\"elementor-cta__title elementor-cta__content-item elementor-content-item elementor-animated-item--grow\">\n\t\t\t\t\t\tOgitartekoak, hanburgesak... eta gure barbakoa ospetsua!\t\t\t\t\t<\/h2>\n\t\t\t\t\n\t\t\t\t\n\t\t\t\t\t\t\t\t\t<div class=\"elementor-cta__button-wrapper elementor-cta__content-item elementor-content-item elementor-animated-item--grow\">\n\t\t\t\t\t<a class=\"elementor-cta__button elementor-button elementor-size-\" href=\"https:\/\/urbietataberna.com\/index.php\/servicios\/\">\n\t\t\t\t\t\tZERBITZUAK\t\t\t\t\t<\/a>\n\t\t\t\t\t<\/div>\n\t\t\t\t\t\t\t<\/div>\n\t\t\t\t\t\t<\/div>\n\t\t\t\t\t\t<\/div>\n\t\t\t\t<\/div>\n\t\t\t\t\t<\/div>\n\t\t\t\t<\/div>\n\t\t\t\t<\/div>","protected":false},"excerpt":{"rendered":"<p>Urbieta Taberna Sobre nosotros&#8230; Ubicada en un entorno \u00fanico, junto al campo de f\u00fatbol Urbieta en Gernika, Urbieta Taberna es mucho m\u00e1s que un bar: es el punto de encuentro de quienes disfrutan del buen comer, el buen beber y el mejor ambiente. Nos especializamos en una barra de pintxos variada y siempre reci\u00e9n hecha, [&hellip;]<\/p>\n","protected":false},"author":1,"featured_media":0,"parent":0,"menu_order":0,"comment_status":"closed","ping_status":"closed","template":"","meta":{"footnotes":""},"class_list":["post-9","page","type-page","status-publish","hentry"],"yoast_head":"<!-- This site is optimized with the Yoast SEO plugin v27.4 - https:\/\/yoast.com\/product\/yoast-seo-wordpress\/ -->\n<title>Inicio - Urbieta Taberna<\/title>\n<meta name=\"robots\" content=\"index, follow, max-snippet:-1, max-image-preview:large, max-video-preview:-1\" \/>\n<link rel=\"canonical\" href=\"https:\/\/urbietataberna.com\/eu\/\" \/>\n<meta property=\"og:locale\" content=\"en_US\" \/>\n<meta property=\"og:type\" content=\"article\" \/>\n<meta property=\"og:title\" content=\"Inicio - Urbieta Taberna\" \/>\n<meta property=\"og:description\" content=\"Urbieta Taberna Sobre nosotros&#8230; Ubicada en un entorno \u00fanico, junto al campo de f\u00fatbol Urbieta en Gernika, Urbieta Taberna es mucho m\u00e1s que un bar: es el punto de encuentro de quienes disfrutan del buen comer, el buen beber y el mejor ambiente. Nos especializamos en una barra de pintxos variada y siempre reci\u00e9n hecha, [&hellip;]\" \/>\n<meta property=\"og:url\" content=\"https:\/\/urbietataberna.com\/eu\/\" \/>\n<meta property=\"og:site_name\" content=\"Urbieta Taberna\" \/>\n<meta property=\"article:modified_time\" content=\"2025-05-29T14:13:25+00:00\" \/>\n<meta property=\"og:image\" content=\"https:\/\/urbietataberna.com\/wp-content\/uploads\/2025\/05\/Diseno-sin-titulo.png\" \/>\n\t<meta property=\"og:image:width\" content=\"1000\" \/>\n\t<meta property=\"og:image:height\" content=\"1000\" \/>\n\t<meta property=\"og:image:type\" content=\"image\/png\" \/>\n<meta name=\"twitter:card\" content=\"summary_large_image\" \/>\n<meta name=\"twitter:label1\" content=\"Est. reading time\" \/>\n\t<meta name=\"twitter:data1\" content=\"1 minutua\" \/>\n<script type=\"application\/ld+json\" class=\"yoast-schema-graph\">{\"@context\":\"https:\\\/\\\/schema.org\",\"@graph\":[{\"@type\":\"WebPage\",\"@id\":\"https:\\\/\\\/urbietataberna.com\\\/\",\"url\":\"https:\\\/\\\/urbietataberna.com\\\/\",\"name\":\"Inicio - Urbieta Taberna\",\"isPartOf\":{\"@id\":\"https:\\\/\\\/urbietataberna.com\\\/#website\"},\"primaryImageOfPage\":{\"@id\":\"https:\\\/\\\/urbietataberna.com\\\/#primaryimage\"},\"image\":{\"@id\":\"https:\\\/\\\/urbietataberna.com\\\/#primaryimage\"},\"thumbnailUrl\":\"https:\\\/\\\/urbietataberna.com\\\/wp-content\\\/uploads\\\/2025\\\/05\\\/Diseno-sin-titulo.png\",\"datePublished\":\"2025-05-27T11:00:35+00:00\",\"dateModified\":\"2025-05-29T14:13:25+00:00\",\"breadcrumb\":{\"@id\":\"https:\\\/\\\/urbietataberna.com\\\/#breadcrumb\"},\"inLanguage\":\"eu\",\"potentialAction\":[{\"@type\":\"ReadAction\",\"target\":[\"https:\\\/\\\/urbietataberna.com\\\/\"]}]},{\"@type\":\"ImageObject\",\"inLanguage\":\"eu\",\"@id\":\"https:\\\/\\\/urbietataberna.com\\\/#primaryimage\",\"url\":\"https:\\\/\\\/urbietataberna.com\\\/wp-content\\\/uploads\\\/2025\\\/05\\\/Diseno-sin-titulo.png\",\"contentUrl\":\"https:\\\/\\\/urbietataberna.com\\\/wp-content\\\/uploads\\\/2025\\\/05\\\/Diseno-sin-titulo.png\"},{\"@type\":\"BreadcrumbList\",\"@id\":\"https:\\\/\\\/urbietataberna.com\\\/#breadcrumb\",\"itemListElement\":[{\"@type\":\"ListItem\",\"position\":1,\"name\":\"Portada\",\"item\":\"https:\\\/\\\/urbietataberna.com\\\/\"},{\"@type\":\"ListItem\",\"position\":2,\"name\":\"Inicio\"}]},{\"@type\":\"WebSite\",\"@id\":\"https:\\\/\\\/urbietataberna.com\\\/#website\",\"url\":\"https:\\\/\\\/urbietataberna.com\\\/\",\"name\":\"Urbieta Taberna\",\"description\":\"Bar campo de futbol Urbieta Gernika \",\"publisher\":{\"@id\":\"https:\\\/\\\/urbietataberna.com\\\/#organization\"},\"potentialAction\":[{\"@type\":\"SearchAction\",\"target\":{\"@type\":\"EntryPoint\",\"urlTemplate\":\"https:\\\/\\\/urbietataberna.com\\\/?s={search_term_string}\"},\"query-input\":{\"@type\":\"PropertyValueSpecification\",\"valueRequired\":true,\"valueName\":\"search_term_string\"}}],\"inLanguage\":\"eu\"},{\"@type\":\"Organization\",\"@id\":\"https:\\\/\\\/urbietataberna.com\\\/#organization\",\"name\":\"Urbieta Taberna\",\"url\":\"https:\\\/\\\/urbietataberna.com\\\/\",\"logo\":{\"@type\":\"ImageObject\",\"inLanguage\":\"eu\",\"@id\":\"https:\\\/\\\/urbietataberna.com\\\/#\\\/schema\\\/logo\\\/image\\\/\",\"url\":\"https:\\\/\\\/urbietataberna.com\\\/wp-content\\\/uploads\\\/2025\\\/05\\\/cropped-taberna.png\",\"contentUrl\":\"https:\\\/\\\/urbietataberna.com\\\/wp-content\\\/uploads\\\/2025\\\/05\\\/cropped-taberna.png\",\"width\":451,\"height\":194,\"caption\":\"Urbieta Taberna\"},\"image\":{\"@id\":\"https:\\\/\\\/urbietataberna.com\\\/#\\\/schema\\\/logo\\\/image\\\/\"}}]}<\/script>\n<!-- \/ Yoast SEO plugin. -->","yoast_head_json":{"title":"Inicio - Urbieta Taberna","robots":{"index":"index","follow":"follow","max-snippet":"max-snippet:-1","max-image-preview":"max-image-preview:large","max-video-preview":"max-video-preview:-1"},"canonical":"https:\/\/urbietataberna.com\/eu\/","og_locale":"en_US","og_type":"article","og_title":"Inicio - Urbieta Taberna","og_description":"Urbieta Taberna Sobre nosotros&#8230; Ubicada en un entorno \u00fanico, junto al campo de f\u00fatbol Urbieta en Gernika, Urbieta Taberna es mucho m\u00e1s que un bar: es el punto de encuentro de quienes disfrutan del buen comer, el buen beber y el mejor ambiente. Nos especializamos en una barra de pintxos variada y siempre reci\u00e9n hecha, [&hellip;]","og_url":"https:\/\/urbietataberna.com\/eu\/","og_site_name":"Urbieta Taberna","article_modified_time":"2025-05-29T14:13:25+00:00","og_image":[{"width":1000,"height":1000,"url":"https:\/\/urbietataberna.com\/wp-content\/uploads\/2025\/05\/Diseno-sin-titulo.png","type":"image\/png"}],"twitter_card":"summary_large_image","twitter_misc":{"Est. reading time":"1 minutua"},"schema":{"@context":"https:\/\/schema.org","@graph":[{"@type":"WebPage","@id":"https:\/\/urbietataberna.com\/","url":"https:\/\/urbietataberna.com\/","name":"Inicio - Urbieta Taberna","isPartOf":{"@id":"https:\/\/urbietataberna.com\/#website"},"primaryImageOfPage":{"@id":"https:\/\/urbietataberna.com\/#primaryimage"},"image":{"@id":"https:\/\/urbietataberna.com\/#primaryimage"},"thumbnailUrl":"https:\/\/urbietataberna.com\/wp-content\/uploads\/2025\/05\/Diseno-sin-titulo.png","datePublished":"2025-05-27T11:00:35+00:00","dateModified":"2025-05-29T14:13:25+00:00","breadcrumb":{"@id":"https:\/\/urbietataberna.com\/#breadcrumb"},"inLanguage":"eu","potentialAction":[{"@type":"ReadAction","target":["https:\/\/urbietataberna.com\/"]}]},{"@type":"ImageObject","inLanguage":"eu","@id":"https:\/\/urbietataberna.com\/#primaryimage","url":"https:\/\/urbietataberna.com\/wp-content\/uploads\/2025\/05\/Diseno-sin-titulo.png","contentUrl":"https:\/\/urbietataberna.com\/wp-content\/uploads\/2025\/05\/Diseno-sin-titulo.png"},{"@type":"BreadcrumbList","@id":"https:\/\/urbietataberna.com\/#breadcrumb","itemListElement":[{"@type":"ListItem","position":1,"name":"Portada","item":"https:\/\/urbietataberna.com\/"},{"@type":"ListItem","position":2,"name":"Inicio"}]},{"@type":"WebSite","@id":"https:\/\/urbietataberna.com\/#website","url":"https:\/\/urbietataberna.com\/","name":"Urbieta Taberna","description":"Bar campo de futbol Urbieta Gernika","publisher":{"@id":"https:\/\/urbietataberna.com\/#organization"},"potentialAction":[{"@type":"SearchAction","target":{"@type":"EntryPoint","urlTemplate":"https:\/\/urbietataberna.com\/?s={search_term_string}"},"query-input":{"@type":"PropertyValueSpecification","valueRequired":true,"valueName":"search_term_string"}}],"inLanguage":"eu"},{"@type":"Organization","@id":"https:\/\/urbietataberna.com\/#organization","name":"Urbieta Taberna","url":"https:\/\/urbietataberna.com\/","logo":{"@type":"ImageObject","inLanguage":"eu","@id":"https:\/\/urbietataberna.com\/#\/schema\/logo\/image\/","url":"https:\/\/urbietataberna.com\/wp-content\/uploads\/2025\/05\/cropped-taberna.png","contentUrl":"https:\/\/urbietataberna.com\/wp-content\/uploads\/2025\/05\/cropped-taberna.png","width":451,"height":194,"caption":"Urbieta Taberna"},"image":{"@id":"https:\/\/urbietataberna.com\/#\/schema\/logo\/image\/"}}]}},"_links":{"self":[{"href":"https:\/\/urbietataberna.com\/eu\/wp-json\/wp\/v2\/pages\/9","targetHints":{"allow":["GET"]}}],"collection":[{"href":"https:\/\/urbietataberna.com\/eu\/wp-json\/wp\/v2\/pages"}],"about":[{"href":"https:\/\/urbietataberna.com\/eu\/wp-json\/wp\/v2\/types\/page"}],"author":[{"embeddable":true,"href":"https:\/\/urbietataberna.com\/eu\/wp-json\/wp\/v2\/users\/1"}],"replies":[{"embeddable":true,"href":"https:\/\/urbietataberna.com\/eu\/wp-json\/wp\/v2\/comments?post=9"}],"version-history":[{"count":55,"href":"https:\/\/urbietataberna.com\/eu\/wp-json\/wp\/v2\/pages\/9\/revisions"}],"predecessor-version":[{"id":281,"href":"https:\/\/urbietataberna.com\/eu\/wp-json\/wp\/v2\/pages\/9\/revisions\/281"}],"wp:attachment":[{"href":"https:\/\/urbietataberna.com\/eu\/wp-json\/wp\/v2\/media?parent=9"}],"curies":[{"name":"wp","href":"https:\/\/api.w.org\/{rel}","templated":true}]}}